{"id":414,"date":"2023-12-07T17:45:22","date_gmt":"2023-12-07T16:45:22","guid":{"rendered":"https:\/\/laimprentavintage5156.live-website.com\/?page_id=414"},"modified":"2024-03-04T10:13:26","modified_gmt":"2024-03-04T09:13:26","slug":"accesibilidad","status":"publish","type":"page","link":"https:\/\/www.laimprentavintage.com\/it\/accesibilidad\/","title":{"rendered":"Accessibilit\u00e0"},"content":{"rendered":"<div data-elementor-type=\"wp-page\" data-elementor-id=\"414\" class=\"elementor elementor-414\" data-elementor-post-type=\"page\">\n\t\t\t\t\t\t<section class=\"elementor-section elementor-top-section elementor-element elementor-element-3e2fccab elementor-section-boxed elementor-section-height-default elementor-section-height-default\" data-id=\"3e2fccab\" data-element_type=\"section\">\n\t\t\t\t\t\t<div class=\"elementor-container elementor-column-gap-default\">\n\t\t\t\t\t<div class=\"elementor-column elementor-col-100 elementor-top-column elementor-element elementor-element-77ffff53\" data-id=\"77ffff53\" data-element_type=\"column\">\n\t\t\t<div class=\"elementor-widget-wrap elementor-element-populated\">\n\t\t\t\t\t\t<div class=\"elementor-element elementor-element-3cfcbf76 elementor-widget elementor-widget-heading\" data-id=\"3cfcbf76\" data-element_type=\"widget\" data-widget_type=\"heading.default\">\n\t\t\t\t<div class=\"elementor-widget-container\">\n\t\t\t\t\t<h1 class=\"elementor-heading-title elementor-size-default\"><strong>Accessibilit\u00e0\u00a0<\/strong><\/h1>\t\t\t\t<\/div>\n\t\t\t\t<\/div>\n\t\t\t\t<div class=\"elementor-element elementor-element-2cd2793 elementor-widget elementor-widget-text-editor\" data-id=\"2cd2793\" data-element_type=\"widget\" data-widget_type=\"text-editor.default\">\n\t\t\t\t<div class=\"elementor-widget-container\">\n\t\t\t\t\t\t\t\t\t<p>La tipografia spagnola LIVE SL si impegna ad adattare i contenuti del sito web&nbsp;<strong>https:\/\/www.laimprentavintage.com\/<\/strong>&nbsp;affinch\u00e9 tutte le persone, indipendentemente dal fatto che abbiano una disabilit\u00e0, siano minorenni o accedano al Web tramite tecnologie non convenzionali, possano avere accesso universale a tutti i contenuti di questo sito web, senza incontrare difficolt\u00e0 di accesso.<\/p>\n<p>A tal fine, i criteri di accessibilit\u00e0 implicano il rispetto delle Web Content Accessibility Guidelines 1.0, di livello doppia A, stabilite dal W3C (World Wide Web Consortium), un&#039;associazione internazionale composta da diverse organizzazioni pubbliche e private che collaborano allo sviluppo di standard per promuovere e diffondere buone pratiche nello sviluppo Web.<\/p>\n<p>Sta inoltre adottando la normativa vigente in Spagna in materia: Norma UNE 139803:2004 \u201cApplicazioni informatiche per persone con disabilit\u00e0: Requisiti di accessibilit\u00e0 per i contenuti del Web\u201d.<\/p>\n<div>\n<h2><strong>Stato di conformit\u00e0<\/strong><\/h2>\n<div>Questo sito web \u00e8<strong>&nbsp;parzialmente conforme<\/strong>&nbsp;con il regio decreto 1112\/2018, del 7 settembre, per il mancato rispetto degli aspetti di seguito indicati.<\/div>\n<h2><strong>Contenuto non accessibile<\/strong><\/h2>\n<div>Il contenuto sottostante non \u00e8 accessibile per i seguenti motivi:<\/div>\n<ul>\n<li><strong>Mancato rispetto del regio decreto 1112\/2018, del 7 settembre<\/strong>: Potrebbero esserci occasionali errori di modifica su alcune pagine web, sia nel contenuto HTML che nei documenti finali, pubblicati dopo il 20 settembre 2018 (data di entrata in vigore del regio decreto 1112\/2018 del 7 settembre). In particolare, potrebbero esserci errori nei documenti che contengono grafici, tabelle complesse o quelli che sono stati firmati elettronicamente prima della revisione di accessibilit\u00e0.<\/li>\n<li><strong>Onere sproporzionato<\/strong>: non applicabile.<\/li>\n<li><strong>Il contenuto non rientra nell&#039;ambito della normativa applicabile<\/strong>: Potrebbero esserci file di Office in formato PDF o altri formati pubblicati che non soddisfano pienamente tutti i requisiti di accessibilit\u00e0; Anche i contenuti di terze parti che non sono sotto il controllo di questa azienda potrebbero trovarsi in questa situazione.<\/li>\n<\/ul>\n<\/div>\n<h2><strong>Preparazione della presente dichiarazione di accessibilit\u00e0<\/strong><\/h2>\n<div>\n<div>La presente dichiarazione \u00e8 stata redatta il <strong>&nbsp;15 febbraio 2024<\/strong>.<\/div>\n<div>Il metodo utilizzato per preparare la dichiarazione \u00e8 stato un&#039;autovalutazione effettuata dalla societ\u00e0 stessa.<\/div>\n<div>Ultima revisione della dichiarazione:&nbsp;<span style=\"font-weight: 600;\">15<\/span><strong>&nbsp;Di&nbsp;<\/strong><span style=\"font-weight: 700; letter-spacing: 0.4px;\">Febbraio 2024<\/span>.<\/div>\n<h2><strong>Commenti e informazioni di contatto<\/strong><\/h2>\n<div>\u00c8 possibile effettuare comunicazioni sui requisiti di accessibilit\u00e0 (articolo 10.2.a) del Real Decreto 1112\/2018, del 7 settembre) come, ad esempio:<\/div>\n<ul>\n<li>Segnala eventuali violazioni da parte di questo sito web.<\/li>\n<li>Trasmettere altre difficolt\u00e0 nell&#039;accesso ai contenuti.<\/li>\n<li>Potete porre altre domande o suggerire miglioramenti per quanto riguarda l&#039;accessibilit\u00e0 del sito web.<\/li>\n<\/ul>\n<div>Attraverso i seguenti canali:<\/div>\n<\/div>\n<div>\n<ul>\n<li>E-mail: i<strong>info@laimprentavintage5156.live-website.com<\/strong><\/li>\n<li>Telefoni: <b>+34 91 298 61 52<\/b><\/li>\n<\/ul>\n<\/div>\n<h2><strong>Contenuto facoltativo<\/strong><\/h2>\n<div>\n<div>La versione attualmente visibile di questo sito web \u00e8 di novembre 2023 e in tale data \u00e8 stato rivisto il livello di accessibilit\u00e0 allora vigente.<\/div>\n<div>A partire da tale data, vengono effettuate revisioni parziali quotidiane dei contenuti web nuovi o modificati, sia dei modelli che delle pagine e dei documenti finali pubblicati, al fine di garantire il rispetto dei requisiti di accessibilit\u00e0 della norma UNE-EN 301549:2019, tenendo conto delle eccezioni del regio decreto 1112\/2018, del 7 settembre.<\/div>\n<div>Per facilitare l&#039;accessibilit\u00e0 vengono adottate, tra le altre, le seguenti misure:<\/div>\n<ul>\n<li>Utilizzo di testo alternativo sulle immagini<\/li>\n<li>I link forniscono dettagli sulla funzione o sulla destinazione del collegamento ipertestuale.<\/li>\n<li>Utilizzo degli standard W3C: XHTML 1.0, CSS 3.0, WAI AA.<\/li>\n<\/ul>\n<div>Questo sito web \u00e8 progettato per consentire di modificare le dimensioni e il colore del testo, nonch\u00e9 lo sfondo della pagina, utilizzando le opzioni di configurazione standard del browser.<\/div>\n<\/div>\n<p>Se si desidera modificare la dimensione del carattere del testo nei principali browser grafici, utilizzare i seguenti menu:<\/p>\n<ul>\n<li>Internet Explorer, Mozilla e Firefox: Visualizza &gt; Dimensione testo<\/li>\n<li>Opera: Visualizza &gt; Zoom<\/li>\n<li>Safari: Visualizza &gt; Ingrandisci testo<\/li>\n<li>Chrome: Controlla la pagina corrente &gt; Dimensione del testo<\/li>\n<li>Per ridimensionare tutti gli elementi della pagina:\n<ul>\n<li>Ctrl + + per aumentarlo<\/li>\n<li>Ctrl + \u2013 per diminuirlo<\/li>\n<li>Ctrl + 0 ripristina la dimensione originale del testo<\/li>\n<li>Se vuoi sovrascrivere il foglio di stile o cambiare il colore del testo, puoi consultare la pagina Come cambiare la dimensione o i colori del testo del WAI, che pu\u00f2 essere letta tradotta in spagnolo all&#039;indirizzo \u00bfC\u00f3mo cambiar el tama\u00f1o del texto o colores?lai<\/li>\n<\/ul>\n<\/li>\n<\/ul>\t\t\t\t\t\t\t\t<\/div>\n\t\t\t\t<\/div>\n\t\t\t\t\t<\/div>\n\t\t<\/div>\n\t\t\t\t\t<\/div>\n\t\t<\/section>\n\t\t\t\t<\/div>","protected":false},"excerpt":{"rendered":"<p>Accesibilidad\u00a0 La Imprenta Vintage Espa\u00f1ola LIVE SL&nbsp;tiene el compromiso de adaptar los contenidos de la web&nbsp;https:\/\/laimprentavintage5156.live-website.com\/&nbsp;para que todas las personas, independientemente de tener una discapacidad, de la edad, o de acceder a la Web desde tecnolog\u00edas poco convencionales, puedan tener un acceso universal a todos los contenidos de este sitio Web, sin encontrar dificultades de [&hellip;]<\/p>","protected":false},"author":1,"featured_media":0,"parent":0,"menu_order":0,"comment_status":"closed","ping_status":"closed","template":"","meta":{"site-sidebar-layout":"no-sidebar","site-content-layout":"","ast-site-content-layout":"full-width-container","site-content-style":"default","site-sidebar-style":"default","ast-global-header-display":"","ast-banner-title-visibility":"","ast-main-header-display":"","ast-hfb-above-header-display":"","ast-hfb-below-header-display":"","ast-hfb-mobile-header-display":"","site-post-title":"disabled","ast-breadcrumbs-content":"","ast-featured-img":"disabled","footer-sml-layout":"","theme-transparent-header-meta":"","adv-header-id-meta":"","stick-header-meta":"","header-above-stick-meta":"","header-main-stick-meta":"","header-below-stick-meta":"","astra-migrate-meta-layouts":"default","ast-page-background-enabled":"default","ast-page-background-meta":{"desktop":{"background-color":"var(--ast-global-color-4)","background-image":"","background-repeat":"repeat","background-position":"center center","background-size":"auto","background-attachment":"scroll","background-type":"","background-media":"","overlay-type":"","overlay-color":"","overlay-opacity":"","overlay-gradient":""},"tablet":{"background-color":"","background-image":"","background-repeat":"repeat","background-position":"center center","background-size":"auto","background-attachment":"scroll","background-type":"","background-media":"","overlay-type":"","overlay-color":"","overlay-opacity":"","overlay-gradient":""},"mobile":{"background-color":"","background-image":"","background-repeat":"repeat","background-position":"center center","background-size":"auto","background-attachment":"scroll","background-type":"","background-media":"","overlay-type":"","overlay-color":"","overlay-opacity":"","overlay-gradient":""}},"ast-content-background-meta":{"desktop":{"background-color":"var(--ast-global-color-5)","background-image":"","background-repeat":"repeat","background-position":"center center","background-size":"auto","background-attachment":"scroll","background-type":"","background-media":"","overlay-type":"","overlay-color":"","overlay-opacity":"","overlay-gradient":""},"tablet":{"background-color":"var(--ast-global-color-5)","background-image":"","background-repeat":"repeat","background-position":"center center","background-size":"auto","background-attachment":"scroll","background-type":"","background-media":"","overlay-type":"","overlay-color":"","overlay-opacity":"","overlay-gradient":""},"mobile":{"background-color":"var(--ast-global-color-5)","background-image":"","background-repeat":"repeat","background-position":"center center","background-size":"auto","background-attachment":"scroll","background-type":"","background-media":"","overlay-type":"","overlay-color":"","overlay-opacity":"","overlay-gradient":""}},"footnotes":""},"class_list":["post-414","page","type-page","status-publish","hentry"],"yoast_head":"<!-- This site is optimized with the Yoast SEO Premium plugin v20.6 (Yoast SEO v26.0) - https:\/\/yoast.com\/wordpress\/plugins\/seo\/ -->\n<title>Accesibilidad - La Imprenta Vintage<\/title>\n<meta name=\"robots\" content=\"index, follow, max-snippet:-1, max-image-preview:large, max-video-preview:-1\" \/>\n<link rel=\"canonical\" href=\"https:\/\/www.laimprentavintage.com\/it\/accesibilidad\/\" \/>\n<meta property=\"og:locale\" content=\"it_IT\" \/>\n<meta property=\"og:type\" content=\"article\" \/>\n<meta property=\"og:title\" content=\"Accesibilidad\" \/>\n<meta property=\"og:description\" content=\"Accesibilidad\u00a0 La Imprenta Vintage Espa\u00f1ola LIVE SL&nbsp;tiene el compromiso de adaptar los contenidos de la web&nbsp;https:\/\/laimprentavintage5156.live-website.com\/&nbsp;para que todas las personas, independientemente de tener una discapacidad, de la edad, o de acceder a la Web desde tecnolog\u00edas poco convencionales, puedan tener un acceso universal a todos los contenidos de este sitio Web, sin encontrar dificultades de [&hellip;]\" \/>\n<meta property=\"og:url\" content=\"https:\/\/www.laimprentavintage.com\/it\/accesibilidad\/\" \/>\n<meta property=\"og:site_name\" content=\"La Imprenta Vintage\" \/>\n<meta property=\"article:modified_time\" content=\"2024-03-04T09:13:26+00:00\" \/>\n<meta name=\"twitter:card\" content=\"summary_large_image\" \/>\n<meta name=\"twitter:label1\" content=\"Tempo di lettura stimato\" \/>\n\t<meta name=\"twitter:data1\" content=\"4 minuti\" \/>\n<script type=\"application\/ld+json\" class=\"yoast-schema-graph\">{\"@context\":\"https:\/\/schema.org\",\"@graph\":[{\"@type\":\"WebPage\",\"@id\":\"https:\/\/www.laimprentavintage.com\/accesibilidad\/\",\"url\":\"https:\/\/www.laimprentavintage.com\/accesibilidad\/\",\"name\":\"Accesibilidad - La Imprenta Vintage\",\"isPartOf\":{\"@id\":\"https:\/\/www.laimprentavintage.com\/#website\"},\"datePublished\":\"2023-12-07T16:45:22+00:00\",\"dateModified\":\"2024-03-04T09:13:26+00:00\",\"breadcrumb\":{\"@id\":\"https:\/\/www.laimprentavintage.com\/accesibilidad\/#breadcrumb\"},\"inLanguage\":\"it-IT\",\"potentialAction\":[{\"@type\":\"ReadAction\",\"target\":[\"https:\/\/www.laimprentavintage.com\/accesibilidad\/\"]}]},{\"@type\":\"BreadcrumbList\",\"@id\":\"https:\/\/www.laimprentavintage.com\/accesibilidad\/#breadcrumb\",\"itemListElement\":[{\"@type\":\"ListItem\",\"position\":1,\"name\":\"Portada\",\"item\":\"https:\/\/www.laimprentavintage.com\/\"},{\"@type\":\"ListItem\",\"position\":2,\"name\":\"Accesibilidad\"}]},{\"@type\":\"WebSite\",\"@id\":\"https:\/\/www.laimprentavintage.com\/#website\",\"url\":\"https:\/\/www.laimprentavintage.com\/\",\"name\":\"La Imprenta Vintage\",\"description\":\"\",\"publisher\":{\"@id\":\"https:\/\/www.laimprentavintage.com\/#organization\"},\"potentialAction\":[{\"@type\":\"SearchAction\",\"target\":{\"@type\":\"EntryPoint\",\"urlTemplate\":\"https:\/\/www.laimprentavintage.com\/?s={search_term_string}\"},\"query-input\":{\"@type\":\"PropertyValueSpecification\",\"valueRequired\":true,\"valueName\":\"search_term_string\"}}],\"inLanguage\":\"it-IT\"},{\"@type\":\"Organization\",\"@id\":\"https:\/\/www.laimprentavintage.com\/#organization\",\"name\":\"La Imprenta Vintage\",\"url\":\"https:\/\/www.laimprentavintage.com\/\",\"logo\":{\"@type\":\"ImageObject\",\"inLanguage\":\"it-IT\",\"@id\":\"https:\/\/www.laimprentavintage.com\/#\/schema\/logo\/image\/\",\"url\":\"https:\/\/www.laimprentavintage.com\/wp-content\/uploads\/2023\/12\/LIVLogoWeb-1920w.webp\",\"contentUrl\":\"https:\/\/www.laimprentavintage.com\/wp-content\/uploads\/2023\/12\/LIVLogoWeb-1920w.webp\",\"width\":732,\"height\":214,\"caption\":\"La Imprenta Vintage\"},\"image\":{\"@id\":\"https:\/\/www.laimprentavintage.com\/#\/schema\/logo\/image\/\"}}]}<\/script>\n<!-- \/ Yoast SEO Premium plugin. -->","yoast_head_json":{"title":"Accesibilidad - La Imprenta Vintage","robots":{"index":"index","follow":"follow","max-snippet":"max-snippet:-1","max-image-preview":"max-image-preview:large","max-video-preview":"max-video-preview:-1"},"canonical":"https:\/\/www.laimprentavintage.com\/it\/accesibilidad\/","og_locale":"it_IT","og_type":"article","og_title":"Accesibilidad","og_description":"Accesibilidad\u00a0 La Imprenta Vintage Espa\u00f1ola LIVE SL&nbsp;tiene el compromiso de adaptar los contenidos de la web&nbsp;https:\/\/laimprentavintage5156.live-website.com\/&nbsp;para que todas las personas, independientemente de tener una discapacidad, de la edad, o de acceder a la Web desde tecnolog\u00edas poco convencionales, puedan tener un acceso universal a todos los contenidos de este sitio Web, sin encontrar dificultades de [&hellip;]","og_url":"https:\/\/www.laimprentavintage.com\/it\/accesibilidad\/","og_site_name":"La Imprenta Vintage","article_modified_time":"2024-03-04T09:13:26+00:00","twitter_card":"summary_large_image","twitter_misc":{"Tempo di lettura stimato":"4 minuti"},"schema":{"@context":"https:\/\/schema.org","@graph":[{"@type":"WebPage","@id":"https:\/\/www.laimprentavintage.com\/accesibilidad\/","url":"https:\/\/www.laimprentavintage.com\/accesibilidad\/","name":"Accesibilidad - La Imprenta Vintage","isPartOf":{"@id":"https:\/\/www.laimprentavintage.com\/#website"},"datePublished":"2023-12-07T16:45:22+00:00","dateModified":"2024-03-04T09:13:26+00:00","breadcrumb":{"@id":"https:\/\/www.laimprentavintage.com\/accesibilidad\/#breadcrumb"},"inLanguage":"it-IT","potentialAction":[{"@type":"ReadAction","target":["https:\/\/www.laimprentavintage.com\/accesibilidad\/"]}]},{"@type":"BreadcrumbList","@id":"https:\/\/www.laimprentavintage.com\/accesibilidad\/#breadcrumb","itemListElement":[{"@type":"ListItem","position":1,"name":"Portada","item":"https:\/\/www.laimprentavintage.com\/"},{"@type":"ListItem","position":2,"name":"Accesibilidad"}]},{"@type":"WebSite","@id":"https:\/\/www.laimprentavintage.com\/#website","url":"https:\/\/www.laimprentavintage.com\/","name":"La macchina da stampa d&#039;epoca","description":"","publisher":{"@id":"https:\/\/www.laimprentavintage.com\/#organization"},"potentialAction":[{"@type":"SearchAction","target":{"@type":"EntryPoint","urlTemplate":"https:\/\/www.laimprentavintage.com\/?s={search_term_string}"},"query-input":{"@type":"PropertyValueSpecification","valueRequired":true,"valueName":"search_term_string"}}],"inLanguage":"it-IT"},{"@type":"Organization","@id":"https:\/\/www.laimprentavintage.com\/#organization","name":"La macchina da stampa d&#039;epoca","url":"https:\/\/www.laimprentavintage.com\/","logo":{"@type":"ImageObject","inLanguage":"it-IT","@id":"https:\/\/www.laimprentavintage.com\/#\/schema\/logo\/image\/","url":"https:\/\/www.laimprentavintage.com\/wp-content\/uploads\/2023\/12\/LIVLogoWeb-1920w.webp","contentUrl":"https:\/\/www.laimprentavintage.com\/wp-content\/uploads\/2023\/12\/LIVLogoWeb-1920w.webp","width":732,"height":214,"caption":"La Imprenta Vintage"},"image":{"@id":"https:\/\/www.laimprentavintage.com\/#\/schema\/logo\/image\/"}}]}},"_links":{"self":[{"href":"https:\/\/www.laimprentavintage.com\/it\/wp-json\/wp\/v2\/pages\/414","targetHints":{"allow":["GET"]}}],"collection":[{"href":"https:\/\/www.laimprentavintage.com\/it\/wp-json\/wp\/v2\/pages"}],"about":[{"href":"https:\/\/www.laimprentavintage.com\/it\/wp-json\/wp\/v2\/types\/page"}],"author":[{"embeddable":true,"href":"https:\/\/www.laimprentavintage.com\/it\/wp-json\/wp\/v2\/users\/1"}],"replies":[{"embeddable":true,"href":"https:\/\/www.laimprentavintage.com\/it\/wp-json\/wp\/v2\/comments?post=414"}],"version-history":[{"count":22,"href":"https:\/\/www.laimprentavintage.com\/it\/wp-json\/wp\/v2\/pages\/414\/revisions"}],"predecessor-version":[{"id":3000,"href":"https:\/\/www.laimprentavintage.com\/it\/wp-json\/wp\/v2\/pages\/414\/revisions\/3000"}],"wp:attachment":[{"href":"https:\/\/www.laimprentavintage.com\/it\/wp-json\/wp\/v2\/media?parent=414"}],"curies":[{"name":"parola chiave","href":"https:\/\/api.w.org\/{rel}","templated":true}]}}