{"id":1597,"date":"2023-12-22T14:11:17","date_gmt":"2023-12-22T13:11:17","guid":{"rendered":"https:\/\/laimprentavintage5156.live-website.com\/?page_id=1597"},"modified":"2024-02-29T16:45:05","modified_gmt":"2024-02-29T15:45:05","slug":"taller-la-imprenta-vintage","status":"publish","type":"page","link":"https:\/\/www.laimprentavintage.com\/nl\/taller-la-imprenta-vintage\/","title":{"rendered":"Vintage Drukwerkplaats"},"content":{"rendered":"<div data-elementor-type=\"wp-page\" data-elementor-id=\"1597\" class=\"elementor elementor-1597\" data-elementor-post-type=\"page\">\n\t\t\t\t\t\t<section class=\"elementor-section elementor-top-section elementor-element elementor-element-6354739 elementor-reverse-mobile elementor-section-boxed elementor-section-height-default elementor-section-height-default\" data-id=\"6354739\" data-element_type=\"section\">\n\t\t\t\t\t\t<div class=\"elementor-container elementor-column-gap-wider\">\n\t\t\t\t\t<div class=\"elementor-column elementor-col-50 elementor-top-column elementor-element elementor-element-93006bb\" data-id=\"93006bb\" data-element_type=\"column\">\n\t\t\t<div class=\"elementor-widget-wrap elementor-element-populated\">\n\t\t\t\t\t\t<div class=\"elementor-element elementor-element-ccd8067 elementor-invisible elementor-widget elementor-widget-heading\" data-id=\"ccd8067\" data-element_type=\"widget\" data-settings=\"{&quot;_animation&quot;:&quot;fadeInUp&quot;,&quot;_animation_delay&quot;:300}\" data-widget_type=\"heading.default\">\n\t\t\t\t<div class=\"elementor-widget-container\">\n\t\t\t\t\t<h1 class=\"elementor-heading-title elementor-size-default\">De Vintage Drukwerkplaats<\/h1>\t\t\t\t<\/div>\n\t\t\t\t<\/div>\n\t\t\t\t<div class=\"elementor-element elementor-element-6861fe6 elementor-widget elementor-widget-heading\" data-id=\"6861fe6\" data-element_type=\"widget\" data-widget_type=\"heading.default\">\n\t\t\t\t<div class=\"elementor-widget-container\">\n\t\t\t\t\t<h2 class=\"elementor-heading-title elementor-size-default\">Bezoek ons, wij ontmoeten u graag <\/h2>\t\t\t\t<\/div>\n\t\t\t\t<\/div>\n\t\t\t\t<div class=\"elementor-element elementor-element-6db81b9 elementor-widget elementor-widget-text-editor\" data-id=\"6db81b9\" data-element_type=\"widget\" data-widget_type=\"text-editor.default\">\n\t\t\t\t<div class=\"elementor-widget-container\">\n\t\t\t\t\t\t\t\t\t<p>Met deze video nodigen wij u uit om onze werkplaats te bezoeken, waar innovatie en vakmanschap samenkomen om uw meest ambitieuze projecten tot leven te brengen. Wij leggen de essentie van uw ontwerpen vast met persen die de materialisatie van uw creativiteit vormgeven. Onze werkplaats is een ruimte gewijd aan uitmuntendheid. De kwaliteit van onze machines vertaalt zich direct naar de kwaliteit van uw eindproducten.<\/p><p>Wij nodigen u uit om de onbegrensde mogelijkheden van onze werkplaats en ons machinepark te ontdekken. Welkom op de plek waar visie en uitvoering samenkomen en waar elk project een tastbaar meesterwerk wordt.<\/p>\t\t\t\t\t\t\t\t<\/div>\n\t\t\t\t<\/div>\n\t\t\t\t<div class=\"elementor-element elementor-element-a9645a3 elementor-align--mobilecenter elementor-align--tabletleft elementor-align-left elementor-widget elementor-widget-elementskit-button\" data-id=\"a9645a3\" data-element_type=\"widget\" data-widget_type=\"elementskit-button.default\">\n\t\t\t\t<div class=\"elementor-widget-container\">\n\t\t\t\t\t<div class=\"ekit-wid-con\" >\t\t<div class=\"ekit-btn-wraper\">\n\t\t\t\t\t\t\t<a href=\"https:\/\/www.timify.com\/es\/profile\/laimprentavintage\/\" class=\"elementskit-btn  whitespace--normal\" id=\"\">\n\t\t\t\t\tMaak een afspraak\t\t\t\t<\/a>\n\t\t\t\t\t<\/div>\n        <\/div>\t\t\t\t<\/div>\n\t\t\t\t<\/div>\n\t\t\t\t\t<\/div>\n\t\t<\/div>\n\t\t\t\t<div class=\"elementor-column elementor-col-50 elementor-top-column elementor-element elementor-element-bda2ab7\" data-id=\"bda2ab7\" data-element_type=\"column\" data-settings=\"{&quot;background_background&quot;:&quot;classic&quot;}\">\n\t\t\t<div class=\"elementor-widget-wrap elementor-element-populated\">\n\t\t\t\t\t\t<div class=\"elementor-element elementor-element-c514402 elementor-widget elementor-widget-video\" data-id=\"c514402\" data-element_type=\"widget\" data-settings=\"{&quot;youtube_url&quot;:&quot;https:\\\/\\\/youtu.be\\\/5ceFqx4l8nw?feature=shared&quot;,&quot;start&quot;:0,&quot;autoplay&quot;:&quot;yes&quot;,&quot;play_on_mobile&quot;:&quot;yes&quot;,&quot;mute&quot;:&quot;yes&quot;,&quot;loop&quot;:&quot;yes&quot;,&quot;video_type&quot;:&quot;youtube&quot;}\" data-widget_type=\"video.default\">\n\t\t\t\t<div class=\"elementor-widget-container\">\n\t\t\t\t\t\t\t<div class=\"elementor-wrapper elementor-open-inline\">\n\t\t\t<div class=\"elementor-video\"><\/div>\t\t<\/div>\n\t\t\t\t\t\t<\/div>\n\t\t\t\t<\/div>\n\t\t\t\t\t<\/div>\n\t\t<\/div>\n\t\t\t\t\t<\/div>\n\t\t<\/section>\n\t\t\t\t<section class=\"elementor-section elementor-top-section elementor-element elementor-element-b92b679 elementor-section-full_width elementor-section-height-min-height elementor-section-height-default elementor-section-items-middle\" data-id=\"b92b679\" data-element_type=\"section\" data-settings=\"{&quot;background_background&quot;:&quot;classic&quot;}\">\n\t\t\t\t\t\t<div class=\"elementor-container elementor-column-gap-default\">\n\t\t\t\t\t<div class=\"elementor-column elementor-col-100 elementor-top-column elementor-element elementor-element-c6e2fb9\" data-id=\"c6e2fb9\" data-element_type=\"column\" data-settings=\"{&quot;background_background&quot;:&quot;classic&quot;}\">\n\t\t\t<div class=\"elementor-widget-wrap\">\n\t\t\t\t\t\t\t<\/div>\n\t\t<\/div>\n\t\t\t\t\t<\/div>\n\t\t<\/section>\n\t\t\t\t<section class=\"elementor-section elementor-top-section elementor-element elementor-element-c58ef4d elementor-section-boxed elementor-section-height-default elementor-section-height-default\" data-id=\"c58ef4d\" data-element_type=\"section\" data-settings=\"{&quot;background_background&quot;:&quot;classic&quot;}\">\n\t\t\t\t\t\t\t<div class=\"elementor-background-overlay\"><\/div>\n\t\t\t\t\t\t\t<div class=\"elementor-container elementor-column-gap-default\">\n\t\t\t\t\t<div class=\"elementor-column elementor-col-50 elementor-top-column elementor-element elementor-element-76fba91\" data-id=\"76fba91\" data-element_type=\"column\">\n\t\t\t<div class=\"elementor-widget-wrap elementor-element-populated\">\n\t\t\t\t\t\t<div class=\"elementor-element elementor-element-e0b7f6a elementor-invisible elementor-widget elementor-widget-heading\" data-id=\"e0b7f6a\" data-element_type=\"widget\" data-settings=\"{&quot;_animation&quot;:&quot;fadeInUp&quot;}\" data-widget_type=\"heading.default\">\n\t\t\t\t<div class=\"elementor-widget-container\">\n\t\t\t\t\t<h3 class=\"elementor-heading-title elementor-size-default\">Hier vertellen we je wat we kunnen doen<\/h3>\t\t\t\t<\/div>\n\t\t\t\t<\/div>\n\t\t\t\t<div class=\"elementor-element elementor-element-abc3b67 elementor-widget elementor-widget-text-editor\" data-id=\"abc3b67\" data-element_type=\"widget\" data-widget_type=\"text-editor.default\">\n\t\t\t\t<div class=\"elementor-widget-container\">\n\t\t\t\t\t\t\t\t\t<div>In onze werkplaats beschikken wij over de machines, loodletters, gravures, stansplaten... en alles wat nodig is om de belangrijkste traditionele druktechnieken &#039;thuis&#039; uit te voeren.<\/div>\t\t\t\t\t\t\t\t<\/div>\n\t\t\t\t<\/div>\n\t\t\t\t\t<\/div>\n\t\t<\/div>\n\t\t\t\t<div class=\"elementor-column elementor-col-50 elementor-top-column elementor-element elementor-element-36cd814\" data-id=\"36cd814\" data-element_type=\"column\">\n\t\t\t<div class=\"elementor-widget-wrap elementor-element-populated\">\n\t\t\t\t\t\t<div class=\"elementor-element elementor-element-24b34be elementor-widget elementor-widget-text-editor\" data-id=\"24b34be\" data-element_type=\"widget\" data-widget_type=\"text-editor.default\">\n\t\t\t\t<div class=\"elementor-widget-container\">\n\t\t\t\t\t\t\t\t\t<div>Letterpress druk, droogstempeling (inkomend en uitgaand) van 2x2 cm tot 35x50 cm<\/div><div>Stempelen van 2\u00d72 cm tot 26\u00d736 cm<\/div><div>Gestempeld reli\u00ebf van 2\u00d72 cm tot 25\u00d730 cm<\/div><div>Stansen van 4\u00d74 cm tot 35\u00d750 cm<\/div><div>Tegengelamineerd<\/div><div>Getinte en gouden randen<\/div><div>Oogjes<\/div><div>Ronde hoeken<\/div><div>Zadelnieten en boekbinden<\/div><div>Vouwen<\/div><div>Spiraal-, draad- en rubberbinding<\/div>\t\t\t\t\t\t\t\t<\/div>\n\t\t\t\t<\/div>\n\t\t\t\t\t<\/div>\n\t\t<\/div>\n\t\t\t\t\t<\/div>\n\t\t<\/section>\n\t\t\t\t<\/div>","protected":false},"excerpt":{"rendered":"<p>El taller de la Imprenta Vintage Vis\u00edtanos, estaremos encantados de conocerte Con este v\u00eddeo te invitamos a entrar en nuestro taller, donde la innovaci\u00f3n y la maestr\u00eda se encuentran para dar vida a tus proyectos m\u00e1s ambiciosos. Capturamos la esencia de tus dise\u00f1os con prensas que dan forma a la materializaci\u00f3n de tu creatividad, nuestro [&hellip;]<\/p>","protected":false},"author":1,"featured_media":0,"parent":0,"menu_order":0,"comment_status":"closed","ping_status":"closed","template":"","meta":{"site-sidebar-layout":"no-sidebar","site-content-layout":"","ast-site-content-layout":"full-width-container","site-content-style":"default","site-sidebar-style":"default","ast-global-header-display":"","ast-banner-title-visibility":"","ast-main-header-display":"","ast-hfb-above-header-display":"","ast-hfb-below-header-display":"","ast-hfb-mobile-header-display":"","site-post-title":"disabled","ast-breadcrumbs-content":"","ast-featured-img":"disabled","footer-sml-layout":"","theme-transparent-header-meta":"","adv-header-id-meta":"","stick-header-meta":"","header-above-stick-meta":"","header-main-stick-meta":"","header-below-stick-meta":"","astra-migrate-meta-layouts":"default","ast-page-background-enabled":"default","ast-page-background-meta":{"desktop":{"background-color":"var(--ast-global-color-4)","background-image":"","background-repeat":"repeat","background-position":"center center","background-size":"auto","background-attachment":"scroll","background-type":"","background-media":"","overlay-type":"","overlay-color":"","overlay-opacity":"","overlay-gradient":""},"tablet":{"background-color":"","background-image":"","background-repeat":"repeat","background-position":"center center","background-size":"auto","background-attachment":"scroll","background-type":"","background-media":"","overlay-type":"","overlay-color":"","overlay-opacity":"","overlay-gradient":""},"mobile":{"background-color":"","background-image":"","background-repeat":"repeat","background-position":"center center","background-size":"auto","background-attachment":"scroll","background-type":"","background-media":"","overlay-type":"","overlay-color":"","overlay-opacity":"","overlay-gradient":""}},"ast-content-background-meta":{"desktop":{"background-color":"var(--ast-global-color-5)","background-image":"","background-repeat":"repeat","background-position":"center center","background-size":"auto","background-attachment":"scroll","background-type":"","background-media":"","overlay-type":"","overlay-color":"","overlay-opacity":"","overlay-gradient":""},"tablet":{"background-color":"var(--ast-global-color-5)","background-image":"","background-repeat":"repeat","background-position":"center center","background-size":"auto","background-attachment":"scroll","background-type":"","background-media":"","overlay-type":"","overlay-color":"","overlay-opacity":"","overlay-gradient":""},"mobile":{"background-color":"var(--ast-global-color-5)","background-image":"","background-repeat":"repeat","background-position":"center center","background-size":"auto","background-attachment":"scroll","background-type":"","background-media":"","overlay-type":"","overlay-color":"","overlay-opacity":"","overlay-gradient":""}},"footnotes":""},"class_list":["post-1597","page","type-page","status-publish","hentry"],"yoast_head":"<!-- This site is optimized with the Yoast SEO Premium plugin v20.6 (Yoast SEO v26.0) - https:\/\/yoast.com\/wordpress\/plugins\/seo\/ -->\n<title>Taller la imprenta vintage - La Imprenta Vintage<\/title>\n<meta name=\"description\" content=\"Vis\u00edtanos, estaremos encantados de conocerte. Con este v\u00eddeo te invitamos a entrar en nuestro taller, donde la innovaci\u00f3n y la maestr\u00eda se encuentran para dar vida a tus proyectos m\u00e1s ambiciosos.\" \/>\n<meta name=\"robots\" content=\"index, follow, max-snippet:-1, max-image-preview:large, max-video-preview:-1\" \/>\n<link rel=\"canonical\" href=\"https:\/\/www.laimprentavintage.com\/nl\/taller-la-imprenta-vintage\/\" \/>\n<meta property=\"og:locale\" content=\"nl_NL\" \/>\n<meta property=\"og:type\" content=\"article\" \/>\n<meta property=\"og:title\" content=\"Taller la imprenta vintage\" \/>\n<meta property=\"og:description\" content=\"Vis\u00edtanos, estaremos encantados de conocerte. Con este v\u00eddeo te invitamos a entrar en nuestro taller, donde la innovaci\u00f3n y la maestr\u00eda se encuentran para dar vida a tus proyectos m\u00e1s ambiciosos.\" \/>\n<meta property=\"og:url\" content=\"https:\/\/www.laimprentavintage.com\/nl\/taller-la-imprenta-vintage\/\" \/>\n<meta property=\"og:site_name\" content=\"La Imprenta Vintage\" \/>\n<meta property=\"article:modified_time\" content=\"2024-02-29T15:45:05+00:00\" \/>\n<meta name=\"twitter:card\" content=\"summary_large_image\" \/>\n<meta name=\"twitter:label1\" content=\"Geschatte leestijd\" \/>\n\t<meta name=\"twitter:data1\" content=\"1 minuut\" \/>\n<script type=\"application\/ld+json\" class=\"yoast-schema-graph\">{\"@context\":\"https:\/\/schema.org\",\"@graph\":[{\"@type\":\"WebPage\",\"@id\":\"https:\/\/www.laimprentavintage.com\/taller-la-imprenta-vintage\/\",\"url\":\"https:\/\/www.laimprentavintage.com\/taller-la-imprenta-vintage\/\",\"name\":\"Taller la imprenta vintage - La Imprenta Vintage\",\"isPartOf\":{\"@id\":\"https:\/\/www.laimprentavintage.com\/#website\"},\"datePublished\":\"2023-12-22T13:11:17+00:00\",\"dateModified\":\"2024-02-29T15:45:05+00:00\",\"description\":\"Vis\u00edtanos, estaremos encantados de conocerte. Con este v\u00eddeo te invitamos a entrar en nuestro taller, donde la innovaci\u00f3n y la maestr\u00eda se encuentran para dar vida a tus proyectos m\u00e1s ambiciosos.\",\"breadcrumb\":{\"@id\":\"https:\/\/www.laimprentavintage.com\/taller-la-imprenta-vintage\/#breadcrumb\"},\"inLanguage\":\"nl-NL\",\"potentialAction\":[{\"@type\":\"ReadAction\",\"target\":[\"https:\/\/www.laimprentavintage.com\/taller-la-imprenta-vintage\/\"]}]},{\"@type\":\"BreadcrumbList\",\"@id\":\"https:\/\/www.laimprentavintage.com\/taller-la-imprenta-vintage\/#breadcrumb\",\"itemListElement\":[{\"@type\":\"ListItem\",\"position\":1,\"name\":\"Portada\",\"item\":\"https:\/\/www.laimprentavintage.com\/\"},{\"@type\":\"ListItem\",\"position\":2,\"name\":\"Taller la imprenta vintage\"}]},{\"@type\":\"WebSite\",\"@id\":\"https:\/\/www.laimprentavintage.com\/#website\",\"url\":\"https:\/\/www.laimprentavintage.com\/\",\"name\":\"La Imprenta Vintage\",\"description\":\"\",\"publisher\":{\"@id\":\"https:\/\/www.laimprentavintage.com\/#organization\"},\"potentialAction\":[{\"@type\":\"SearchAction\",\"target\":{\"@type\":\"EntryPoint\",\"urlTemplate\":\"https:\/\/www.laimprentavintage.com\/?s={search_term_string}\"},\"query-input\":{\"@type\":\"PropertyValueSpecification\",\"valueRequired\":true,\"valueName\":\"search_term_string\"}}],\"inLanguage\":\"nl-NL\"},{\"@type\":\"Organization\",\"@id\":\"https:\/\/www.laimprentavintage.com\/#organization\",\"name\":\"La Imprenta Vintage\",\"url\":\"https:\/\/www.laimprentavintage.com\/\",\"logo\":{\"@type\":\"ImageObject\",\"inLanguage\":\"nl-NL\",\"@id\":\"https:\/\/www.laimprentavintage.com\/#\/schema\/logo\/image\/\",\"url\":\"https:\/\/www.laimprentavintage.com\/wp-content\/uploads\/2023\/12\/LIVLogoWeb-1920w.webp\",\"contentUrl\":\"https:\/\/www.laimprentavintage.com\/wp-content\/uploads\/2023\/12\/LIVLogoWeb-1920w.webp\",\"width\":732,\"height\":214,\"caption\":\"La Imprenta Vintage\"},\"image\":{\"@id\":\"https:\/\/www.laimprentavintage.com\/#\/schema\/logo\/image\/\"}}]}<\/script>\n<!-- \/ Yoast SEO Premium plugin. -->","yoast_head_json":{"title":"Taller la imprenta vintage - La Imprenta Vintage","description":"Vis\u00edtanos, estaremos encantados de conocerte. Con este v\u00eddeo te invitamos a entrar en nuestro taller, donde la innovaci\u00f3n y la maestr\u00eda se encuentran para dar vida a tus proyectos m\u00e1s ambiciosos.","robots":{"index":"index","follow":"follow","max-snippet":"max-snippet:-1","max-image-preview":"max-image-preview:large","max-video-preview":"max-video-preview:-1"},"canonical":"https:\/\/www.laimprentavintage.com\/nl\/taller-la-imprenta-vintage\/","og_locale":"nl_NL","og_type":"article","og_title":"Taller la imprenta vintage","og_description":"Vis\u00edtanos, estaremos encantados de conocerte. Con este v\u00eddeo te invitamos a entrar en nuestro taller, donde la innovaci\u00f3n y la maestr\u00eda se encuentran para dar vida a tus proyectos m\u00e1s ambiciosos.","og_url":"https:\/\/www.laimprentavintage.com\/nl\/taller-la-imprenta-vintage\/","og_site_name":"La Imprenta Vintage","article_modified_time":"2024-02-29T15:45:05+00:00","twitter_card":"summary_large_image","twitter_misc":{"Geschatte leestijd":"1 minuut"},"schema":{"@context":"https:\/\/schema.org","@graph":[{"@type":"WebPage","@id":"https:\/\/www.laimprentavintage.com\/taller-la-imprenta-vintage\/","url":"https:\/\/www.laimprentavintage.com\/taller-la-imprenta-vintage\/","name":"Taller la imprenta vintage - La Imprenta Vintage","isPartOf":{"@id":"https:\/\/www.laimprentavintage.com\/#website"},"datePublished":"2023-12-22T13:11:17+00:00","dateModified":"2024-02-29T15:45:05+00:00","description":"Vis\u00edtanos, estaremos encantados de conocerte. Con este v\u00eddeo te invitamos a entrar en nuestro taller, donde la innovaci\u00f3n y la maestr\u00eda se encuentran para dar vida a tus proyectos m\u00e1s ambiciosos.","breadcrumb":{"@id":"https:\/\/www.laimprentavintage.com\/taller-la-imprenta-vintage\/#breadcrumb"},"inLanguage":"nl-NL","potentialAction":[{"@type":"ReadAction","target":["https:\/\/www.laimprentavintage.com\/taller-la-imprenta-vintage\/"]}]},{"@type":"BreadcrumbList","@id":"https:\/\/www.laimprentavintage.com\/taller-la-imprenta-vintage\/#breadcrumb","itemListElement":[{"@type":"ListItem","position":1,"name":"Portada","item":"https:\/\/www.laimprentavintage.com\/"},{"@type":"ListItem","position":2,"name":"Taller la imprenta vintage"}]},{"@type":"WebSite","@id":"https:\/\/www.laimprentavintage.com\/#website","url":"https:\/\/www.laimprentavintage.com\/","name":"De vintage drukpers","description":"","publisher":{"@id":"https:\/\/www.laimprentavintage.com\/#organization"},"potentialAction":[{"@type":"SearchAction","target":{"@type":"EntryPoint","urlTemplate":"https:\/\/www.laimprentavintage.com\/?s={search_term_string}"},"query-input":{"@type":"PropertyValueSpecification","valueRequired":true,"valueName":"search_term_string"}}],"inLanguage":"nl-NL"},{"@type":"Organization","@id":"https:\/\/www.laimprentavintage.com\/#organization","name":"De vintage drukpers","url":"https:\/\/www.laimprentavintage.com\/","logo":{"@type":"ImageObject","inLanguage":"nl-NL","@id":"https:\/\/www.laimprentavintage.com\/#\/schema\/logo\/image\/","url":"https:\/\/www.laimprentavintage.com\/wp-content\/uploads\/2023\/12\/LIVLogoWeb-1920w.webp","contentUrl":"https:\/\/www.laimprentavintage.com\/wp-content\/uploads\/2023\/12\/LIVLogoWeb-1920w.webp","width":732,"height":214,"caption":"La Imprenta Vintage"},"image":{"@id":"https:\/\/www.laimprentavintage.com\/#\/schema\/logo\/image\/"}}]}},"_links":{"self":[{"href":"https:\/\/www.laimprentavintage.com\/nl\/wp-json\/wp\/v2\/pages\/1597","targetHints":{"allow":["GET"]}}],"collection":[{"href":"https:\/\/www.laimprentavintage.com\/nl\/wp-json\/wp\/v2\/pages"}],"about":[{"href":"https:\/\/www.laimprentavintage.com\/nl\/wp-json\/wp\/v2\/types\/page"}],"author":[{"embeddable":true,"href":"https:\/\/www.laimprentavintage.com\/nl\/wp-json\/wp\/v2\/users\/1"}],"replies":[{"embeddable":true,"href":"https:\/\/www.laimprentavintage.com\/nl\/wp-json\/wp\/v2\/comments?post=1597"}],"version-history":[{"count":28,"href":"https:\/\/www.laimprentavintage.com\/nl\/wp-json\/wp\/v2\/pages\/1597\/revisions"}],"predecessor-version":[{"id":2508,"href":"https:\/\/www.laimprentavintage.com\/nl\/wp-json\/wp\/v2\/pages\/1597\/revisions\/2508"}],"wp:attachment":[{"href":"https:\/\/www.laimprentavintage.com\/nl\/wp-json\/wp\/v2\/media?parent=1597"}],"curies":[{"name":"wp","href":"https:\/\/api.w.org\/{rel}","templated":true}]}}